{"id":42,"date":"2016-03-25T11:25:19","date_gmt":"2016-03-25T10:25:19","guid":{"rendered":"http:\/\/127.0.0.1\/wordpress\/?page_id=42"},"modified":"2026-03-07T14:24:19","modified_gmt":"2026-03-07T13:24:19","slug":"contactez-nous","status":"publish","type":"page","link":"https:\/\/www.plumetis.com\/index.php\/tapissier-decorateur-grenoble\/contactez-nous\/","title":{"rendered":"Contactez nous !"},"content":{"rendered":"<h4 style=\"text-align: justify;\"><strong><span style=\"color: #60110c;\">Contactez nous :\u00a0<\/span><\/strong><\/h4>\n<p style=\"text-align: justify;\"><span style=\"color: #60110c;\">L&rsquo;\u00e9quipe de Plumetis se tient \u00e0 votre disposition au<span style=\"color: #f700a5;\"><strong> 59 place Saint Bruno<\/strong> \u00e0 <strong>Grenoble<\/strong><\/span> !<br \/><\/span><\/p>\n<p style=\"text-align: justify;\"><span style=\"color: #60110c;\">Horaires : du <strong>mardi au samedi<\/strong> de <strong>09h \u00e0 12h et de 15h \u00e0 19h<\/strong> et le <strong>vendredi<\/strong> de <strong>09h \u00e0 19h.<br \/><\/strong><\/span><\/p>\n<p style=\"text-align: justify;\"><span style=\"color: #60110c;\">Rendez vous le notre site de notre boutique plumetis.fr ou s<\/span><span style=\"color: #60110c;\">ur notre site <\/span><span style=\"color: #60110c;\">marchand sp\u00e9ciale tringlerie <span style=\"color: #f700a5;\"><a style=\"color: #f700a5;\" href=\"https:\/\/www.plumetis.net\/\">plumetis.net<\/a><\/span><\/span><\/p>\n<p style=\"text-align: justify;\"><span style=\"color: #60110c;\">Ou suivez nous sur <a href=\"https:\/\/www.facebook.com\/plumetis.net\/about\/\"><span style=\"color: #f700a5;\">Facebook<\/span><\/a> ou notre <span style=\"color: #f700a5;\"><a style=\"color: #f700a5;\" href=\"https:\/\/www.instagram.com\/plumetis.tapissier\/\">Instagram<\/a><\/span><\/span><\/p>\n<p style=\"text-align: justify;\"><span style=\"color: #60110c;\">Vous pouvez nous contacter par t\u00e9l\u00e9phone au <strong><span style=\"color: #f700a5;\">04 76 21 74 21<\/span>.<\/strong><\/span><\/p>\n<p style=\"text-align: justify;\"><span style=\"color: #60110c;\">Ou par mail en remplissant le formulaire de contact ci-dessous.<\/span><\/p>\n<p style=\"text-align: center;\">\n<div class=\"wpcf7 no-js\" id=\"wpcf7-f332-o1\" lang=\"fr-FR\" dir=\"ltr\" data-wpcf7-id=\"332\">\n<div class=\"screen-reader-response\"><p role=\"status\" aria-live=\"polite\" aria-atomic=\"true\"><\/p> <ul><\/ul><\/div>\n<form action=\"\/index.php\/wp-json\/wp\/v2\/pages\/42#wpcf7-f332-o1\" method=\"post\" class=\"wpcf7-form init\" aria-label=\"Formulaire de contact\" novalidate=\"novalidate\" data-status=\"init\">\n<fieldset class=\"hidden-fields-container\"><input type=\"hidden\" name=\"_wpcf7\" value=\"332\" \/><input type=\"hidden\" name=\"_wpcf7_version\" value=\"6.1.3\" \/><input type=\"hidden\" name=\"_wpcf7_locale\" value=\"fr_FR\" \/><input type=\"hidden\" name=\"_wpcf7_unit_tag\" value=\"wpcf7-f332-o1\" \/><input type=\"hidden\" name=\"_wpcf7_container_post\" value=\"0\" \/><input type=\"hidden\" name=\"_wpcf7_posted_data_hash\" value=\"\" \/>\n<\/fieldset>\n<p>Votre nom (obligatoire)\n<\/p>\n<p><span class=\"wpcf7-form-control-wrap\" data-name=\"your-name\"><input size=\"40\" maxlength=\"400\" class=\"wpcf7-form-control wpcf7-text wpcf7-validates-as-required\" aria-required=\"true\" aria-invalid=\"false\" value=\"\" type=\"text\" name=\"your-name\" \/><\/span>\n<\/p>\n<p>Votre email (obligatoire)\n<\/p>\n<p><span class=\"wpcf7-form-control-wrap\" data-name=\"your-email\"><input size=\"40\" maxlength=\"400\" class=\"wpcf7-form-control wpcf7-email wpcf7-validates-as-required wpcf7-text wpcf7-validates-as-email\" aria-required=\"true\" aria-invalid=\"false\" value=\"\" type=\"email\" name=\"your-email\" \/><\/span>\n<\/p>\n<p>Sujet\n<\/p>\n<p><span class=\"wpcf7-form-control-wrap\" data-name=\"your-subject\"><input size=\"40\" maxlength=\"400\" class=\"wpcf7-form-control wpcf7-text\" aria-invalid=\"false\" value=\"\" type=\"text\" name=\"your-subject\" \/><\/span>\n<\/p>\n<p>Votre message\n<\/p>\n<p><span class=\"wpcf7-form-control-wrap\" data-name=\"your-message\"><textarea cols=\"40\" rows=\"10\" maxlength=\"2000\" class=\"wpcf7-form-control wpcf7-textarea\" aria-invalid=\"false\" name=\"your-message\"><\/textarea><\/span>\n<\/p>\n<p><input class=\"wpcf7-form-control wpcf7-submit has-spinner\" type=\"submit\" value=\"Envoyer\" \/>\n<\/p><div class=\"wpcf7-response-output\" aria-hidden=\"true\"><\/div>\n<\/form>\n<\/div>\n<\/p>\n\n\n<p><\/p>\n","protected":false},"excerpt":{"rendered":"<p>Contactez nous :\u00a0 L&rsquo;\u00e9quipe de Plumetis se tient \u00e0 votre disposition au 59 place Saint Bruno \u00e0 Grenoble ! Horaires : du mardi au samedi de 09h \u00e0 12h et de 15h \u00e0 19h et le vendredi de 09h \u00e0 19h. Rendez vous le notre site de notre boutique plumetis.fr ou sur notre site marchand [&hellip;]<\/p>\n","protected":false},"author":1,"featured_media":10812,"parent":11,"menu_order":0,"comment_status":"closed","ping_status":"closed","template":"","meta":{"_monsterinsights_skip_tracking":false,"_monsterinsights_sitenote_active":false,"_monsterinsights_sitenote_note":"","_monsterinsights_sitenote_category":0,"footnotes":""},"class_list":["post-42","page","type-page","status-publish","has-post-thumbnail","hentry"],"_links":{"self":[{"href":"https:\/\/www.plumetis.com\/index.php\/wp-json\/wp\/v2\/pages\/42","targetHints":{"allow":["GET"]}}],"collection":[{"href":"https:\/\/www.plumetis.com\/index.php\/wp-json\/wp\/v2\/pages"}],"about":[{"href":"https:\/\/www.plumetis.com\/index.php\/wp-json\/wp\/v2\/types\/page"}],"author":[{"embeddable":true,"href":"https:\/\/www.plumetis.com\/index.php\/wp-json\/wp\/v2\/users\/1"}],"replies":[{"embeddable":true,"href":"https:\/\/www.plumetis.com\/index.php\/wp-json\/wp\/v2\/comments?post=42"}],"version-history":[{"count":30,"href":"https:\/\/www.plumetis.com\/index.php\/wp-json\/wp\/v2\/pages\/42\/revisions"}],"predecessor-version":[{"id":10809,"href":"https:\/\/www.plumetis.com\/index.php\/wp-json\/wp\/v2\/pages\/42\/revisions\/10809"}],"up":[{"embeddable":true,"href":"https:\/\/www.plumetis.com\/index.php\/wp-json\/wp\/v2\/pages\/11"}],"wp:featuredmedia":[{"embeddable":true,"href":"https:\/\/www.plumetis.com\/index.php\/wp-json\/wp\/v2\/media\/10812"}],"wp:attachment":[{"href":"https:\/\/www.plumetis.com\/index.php\/wp-json\/wp\/v2\/media?parent=42"}],"curies":[{"name":"wp","href":"https:\/\/api.w.org\/{rel}","templated":true}]}}