{"id":15,"date":"2016-03-24T16:36:47","date_gmt":"2016-03-24T15:36:47","guid":{"rendered":"http:\/\/127.0.0.1\/wordpress\/?page_id=15"},"modified":"2025-11-19T10:33:38","modified_gmt":"2025-11-19T09:33:38","slug":"qui-sommes-nous","status":"publish","type":"page","link":"https:\/\/www.plumetis.com\/index.php\/tapissier-decorateur-grenoble\/qui-sommes-nous\/","title":{"rendered":"Qui sommes nous ?"},"content":{"rendered":"\n<p><\/p>\n\n\n\n<div class=\"wp-block-group has-global-padding is-layout-constrained wp-block-group-is-layout-constrained\">\n<div class=\"wp-block-columns is-layout-flex wp-container-core-columns-is-layout-28f84493 wp-block-columns-is-layout-flex\">\n<div class=\"wp-block-column is-layout-flow wp-block-column-is-layout-flow\" style=\"flex-basis:100%\">\n<h2 class=\"lead\" style=\"text-align: center;\"><span style=\"color: #60110c;\">NOTRE BOUTIQUE<\/span><\/h2>\n<p style=\"text-align: center;\"><span style=\"color: #60110c;\"><strong>Qui sommes nous ?<\/strong> Pour r\u00e9pondre \u00e0 cette question laissez nous vous pr\u00e9senter tout d&rsquo;abord notre <strong>boutique-atelier<\/strong> qui est divis\u00e9e en quatre parties :<br \/><\/span><\/p>\n<p style=\"color: #60110c; text-align: center;\"><div class=\"zilla-one-fourth\"><\/p>\n<h4 style=\"color: #60110c; text-align: center;\"><strong>Le<\/strong><span style=\"color: #60110c;\"><strong> hall d\u2019exposition<\/strong> <\/span><\/h4>\n<figure id=\"attachment_10407\" aria-describedby=\"caption-attachment-10407\" style=\"width: 769px\" class=\"wp-caption aligncenter\"><img loading=\"lazy\" decoding=\"async\" class=\"wp-image-10407 \" src=\"https:\/\/www.plumetis.com\/wp-content\/uploads\/2025\/11\/Panorama-presentoir-1024x547.jpg\" alt=\"Panorama plus de 10 000 \u00e9chantillons textiles\" width=\"769\" height=\"411\" srcset=\"https:\/\/www.plumetis.com\/wp-content\/uploads\/2025\/11\/Panorama-presentoir-1024x547.jpg 1024w, https:\/\/www.plumetis.com\/wp-content\/uploads\/2025\/11\/Panorama-presentoir-300x160.jpg 300w, https:\/\/www.plumetis.com\/wp-content\/uploads\/2025\/11\/Panorama-presentoir-768x410.jpg 768w, https:\/\/www.plumetis.com\/wp-content\/uploads\/2025\/11\/Panorama-presentoir-1536x820.jpg 1536w, https:\/\/www.plumetis.com\/wp-content\/uploads\/2025\/11\/Panorama-presentoir-730x390.jpg 730w, https:\/\/www.plumetis.com\/wp-content\/uploads\/2025\/11\/Panorama-presentoir-1260x673.jpg 1260w, https:\/\/www.plumetis.com\/wp-content\/uploads\/2025\/11\/Panorama-presentoir-960x513.jpg 960w, https:\/\/www.plumetis.com\/wp-content\/uploads\/2025\/11\/Panorama-presentoir-400x214.jpg 400w, https:\/\/www.plumetis.com\/wp-content\/uploads\/2025\/11\/Panorama-presentoir.jpg 1599w\" sizes=\"auto, (max-width: 769px) 100vw, 769px\" \/><figcaption id=\"caption-attachment-10407\" class=\"wp-caption-text\">Panorama plus de 20 000 \u00e9chantillons textiles<\/figcaption><\/figure>\n<p style=\"color: #60110c; text-align: justify;\"><span style=\"color: #60110c;\" data-wp-editing=\"1\"> Nous vous y pr\u00e9sentons <strong>20 000 r\u00e9f\u00e9rences de tissu<\/strong>, de voilage et de tringle \u00e0 rideau.<\/span> <\/div><div class=\"zilla-one-fourth\"><\/p>\n<h4 style=\"color: #60110c; text-align: center;\"><strong><span style=\"color: #60110c;\">Un atelier de couture<\/span><\/strong><\/h4>\n<h2 class=\"lead\" style=\"text-align: justify;\"><span style=\"color: #60110c;\"><img loading=\"lazy\" decoding=\"async\" class=\"aligncenter wp-image-10408 size-medium\" src=\"https:\/\/www.plumetis.com\/wp-content\/uploads\/2025\/11\/espace-couture-300x224.jpg\" alt=\"\" width=\"300\" height=\"224\" srcset=\"https:\/\/www.plumetis.com\/wp-content\/uploads\/2025\/11\/espace-couture-300x224.jpg 300w, https:\/\/www.plumetis.com\/wp-content\/uploads\/2025\/11\/espace-couture-768x575.jpg 768w, https:\/\/www.plumetis.com\/wp-content\/uploads\/2025\/11\/espace-couture-730x546.jpg 730w, https:\/\/www.plumetis.com\/wp-content\/uploads\/2025\/11\/espace-couture-400x299.jpg 400w, https:\/\/www.plumetis.com\/wp-content\/uploads\/2025\/11\/espace-couture.jpg 822w\" sizes=\"auto, (max-width: 300px) 100vw, 300px\" \/><\/span><\/h2>\n<p style=\"color: #60110c; text-align: justify;\"><span style=\"color: #60110c;\">C&rsquo;est dans cet atelier que nous<strong> confectionnons<\/strong> les voilages, les stores, et en r\u00e8gle g\u00e9n\u00e9rale toutes les mati\u00e8res souples<\/span> <\/div><div class=\"zilla-one-fourth\"><\/p>\n<h4 style=\"color: #60110c; text-align: center;\"><strong><span style=\"color: #60110c;\">Un atelier tapissier<\/span><\/strong><\/h4>\n<p style=\"color: #60110c; text-align: justify;\"><span style=\"color: #60110c;\"><img loading=\"lazy\" decoding=\"async\" class=\"aligncenter wp-image-10409 size-medium\" src=\"https:\/\/www.plumetis.com\/wp-content\/uploads\/2025\/11\/atelier-tapissier-300x225.jpg\" alt=\"\" width=\"300\" height=\"225\" srcset=\"https:\/\/www.plumetis.com\/wp-content\/uploads\/2025\/11\/atelier-tapissier-300x225.jpg 300w, https:\/\/www.plumetis.com\/wp-content\/uploads\/2025\/11\/atelier-tapissier-768x576.jpg 768w, https:\/\/www.plumetis.com\/wp-content\/uploads\/2025\/11\/atelier-tapissier-730x547.jpg 730w, https:\/\/www.plumetis.com\/wp-content\/uploads\/2025\/11\/atelier-tapissier-400x300.jpg 400w, https:\/\/www.plumetis.com\/wp-content\/uploads\/2025\/11\/atelier-tapissier.jpg 823w\" sizes=\"auto, (max-width: 300px) 100vw, 300px\" \/><\/span><span style=\"color: #60110c;\">Nous redonnons vie aux <strong>si\u00e8ges et fauteuils<\/strong> en tout genre, et nous r\u00e9alisons \u00e9galement des banquettes de bar, de restaurant, de caravane, des tables d&rsquo;auscultation, des t\u00eates de lit, etc&#8230;.<\/span> <\/div><div class=\"zilla-one-fourth zilla-column-last\"><\/p>\n<h4 style=\"color: #60110c; text-align: center;\"><strong><span style=\"color: #60110c;\">Un atelier de d\u00e9coupe\u00a0<\/span><\/strong><\/h4>\n<p style=\"color: #60110c; text-align: justify;\"><span style=\"color: #60110c;\"><img loading=\"lazy\" decoding=\"async\" class=\"aligncenter wp-image-263\" src=\"\/wp-content\/uploads\/2016\/03\/Gilbert-Brides-225x300.jpg\" alt=\"Qui sommes nous ? Atelier d\u00e9coupe mousse Grenoble, fauteuils, coussins, si\u00e8ges, anciens\" width=\"157\" height=\"209\" \/> Il nous sert \u00e0 <strong>d\u00e9couper <\/strong>et<strong> mettre en forme les mousses<\/strong> ainsi qu&rsquo;\u00e0 pr\u00e9parer et emballer les colis des commandes internet.<\/span> <\/div><div class=\"clear\"><\/div><\/p>\n<hr \/>\n<p style=\"text-align: center;\"><span style=\"color: #60110c;\">Mais ce n&rsquo;est pas tout ! <strong>L\u2019espace Plumetis<\/strong> est \u00e9galement un lieu o\u00f9 vous trouverez <strong>des objets art d\u00e9co<\/strong> r\u00e9alis\u00e9s par des artisans d&rsquo;arts de l&rsquo;Is\u00e8re et de Rh\u00f4ne-Alpes.<\/span><\/p>\n<p><img loading=\"lazy\" decoding=\"async\" class=\"aligncenter wp-image-10410 size-medium\" src=\"https:\/\/www.plumetis.com\/wp-content\/uploads\/2025\/11\/Nos-artisans-ont-du-talent-205x300.jpg\" alt=\"\" width=\"205\" height=\"300\" srcset=\"https:\/\/www.plumetis.com\/wp-content\/uploads\/2025\/11\/Nos-artisans-ont-du-talent-205x300.jpg 205w, https:\/\/www.plumetis.com\/wp-content\/uploads\/2025\/11\/Nos-artisans-ont-du-talent.jpg 303w\" sizes=\"auto, (max-width: 205px) 100vw, 205px\" \/><\/p>\n<hr \/>\n<h2 class=\"lead\" style=\"text-align: center;\"><span style=\"color: #60110c;\"><br \/>NOTRE \u00c9QUIPE<br \/><\/span><\/h2>\n<p style=\"text-align: center;\"><div class=\"zilla-one-third\">\u00a0<img loading=\"lazy\" decoding=\"async\" class=\"aligncenter wp-image-232\" src=\"\/wp-content\/uploads\/2016\/03\/Gilbert-268x300.png\" alt=\"Gilbert, cr\u00e9ateur de Plumetis\" width=\"125\" height=\"140\" \/><\/p>\n<center><span style=\"color: #60110c;\"><b> Gilbert, Cr\u00e9ateur et g\u00e9rant <br \/><\/b><\/span><span style=\"color: #60110c;\">C\u2019est le seul homme de la bo\u00eete, c\u2019est lui qui prend les mesures et fait les installations. Capable de remplacer n\u2019importe quel membre de l\u2019\u00e9quipe, c\u2019est le cr\u00e9ateur de l\u2019entreprise et c\u2019est lui \u00e9galement qui pr\u00e9pare et emballe les commandes internet et qui passe le balai.<\/span><\/center>\n<p style=\"text-align: justify;\"><\/div><div class=\"zilla-one-third\">\u00a0<img loading=\"lazy\" decoding=\"async\" class=\"aligncenter wp-image-10408 size-medium\" src=\"https:\/\/www.plumetis.com\/wp-content\/uploads\/2025\/11\/espace-couture-300x224.jpg\" alt=\"\" width=\"300\" height=\"224\" srcset=\"https:\/\/www.plumetis.com\/wp-content\/uploads\/2025\/11\/espace-couture-300x224.jpg 300w, https:\/\/www.plumetis.com\/wp-content\/uploads\/2025\/11\/espace-couture-768x575.jpg 768w, https:\/\/www.plumetis.com\/wp-content\/uploads\/2025\/11\/espace-couture-730x546.jpg 730w, https:\/\/www.plumetis.com\/wp-content\/uploads\/2025\/11\/espace-couture-400x299.jpg 400w, https:\/\/www.plumetis.com\/wp-content\/uploads\/2025\/11\/espace-couture.jpg 822w\" sizes=\"auto, (max-width: 300px) 100vw, 300px\" \/><\/p>\n<center><span style=\"color: #60110c;\"><b> Une de nos couturi\u00e8res<br \/><\/b><\/span><\/center><center><\/center><center><span style=\"color: #60110c;\">Nos couturi\u00e8re, sont minutieuses, patientes, calmes et d\u2019une rigueur \u00e0 toute \u00e9preuve, elles ne laissent rien passer, c\u2019est notre qualit\u00e9 depuis 40 ans .<\/span><\/center>\n<p class=\"aligncenter wp-image-234\" style=\"text-align: center;\"><\/div><div class=\"zilla-one-third zilla-column-last\">\u00a0<br \/><img loading=\"lazy\" decoding=\"async\" class=\"aligncenter wp-image-10409 size-medium\" src=\"https:\/\/www.plumetis.com\/wp-content\/uploads\/2025\/11\/atelier-tapissier-300x225.jpg\" alt=\"\" width=\"300\" height=\"225\" srcset=\"https:\/\/www.plumetis.com\/wp-content\/uploads\/2025\/11\/atelier-tapissier-300x225.jpg 300w, https:\/\/www.plumetis.com\/wp-content\/uploads\/2025\/11\/atelier-tapissier-768x576.jpg 768w, https:\/\/www.plumetis.com\/wp-content\/uploads\/2025\/11\/atelier-tapissier-730x547.jpg 730w, https:\/\/www.plumetis.com\/wp-content\/uploads\/2025\/11\/atelier-tapissier-400x300.jpg 400w, https:\/\/www.plumetis.com\/wp-content\/uploads\/2025\/11\/atelier-tapissier.jpg 823w\" sizes=\"auto, (max-width: 300px) 100vw, 300px\" \/><span style=\"color: #60110c;\"><b>Nos tapissiers<br \/><\/b><\/span><span style=\"color: #60110c;\">Nos tapissiers sont des passionn\u00e9s, Gilbert en est un fervent gardien : la r\u00e9fection de si\u00e8ge ancien est un travail d&rsquo;\u00e9quipe, il n&rsquo;est pas rare d&rsquo;intervenir en tant qu&rsquo;\u00e9b\u00e9niste ou vernisseur.<\/span><\/p>\n<p style=\"text-align: justify;\"><\/div><div class=\"clear\"><\/div><\/p>\n<p style=\"text-align: center;\"><strong><span style=\"color: #60110c;\">Comme vous l\u2019avez compris, nous sommes une entreprise \u00e0 taille humaine et familiale.<br \/>Nous travaillons avec s\u00e9rieux et dans la bonne humeur!<\/span><\/strong><\/p>\n<p style=\"text-align: center;\"><a class=\"maxbutton-1 maxbutton maxbutton-portfolio\" href=\"https:\/\/www.plumetis.net\"><span class='mb-text'>E-Shop<\/span><\/a><\/p>\n<\/div>\n<\/div>\n<\/div>\n","protected":false},"excerpt":{"rendered":"<p>NOTRE BOUTIQUE Qui sommes nous ? Pour r\u00e9pondre \u00e0 cette question laissez nous vous pr\u00e9senter tout d&rsquo;abord notre boutique-atelier qui est divis\u00e9e en quatre parties : Mais ce n&rsquo;est pas tout ! L\u2019espace Plumetis est \u00e9galement un lieu o\u00f9 vous trouverez des objets art d\u00e9co r\u00e9alis\u00e9s par des artisans d&rsquo;arts de l&rsquo;Is\u00e8re et de Rh\u00f4ne-Alpes. [&hellip;]<\/p>\n","protected":false},"author":1,"featured_media":10407,"parent":11,"menu_order":0,"comment_status":"closed","ping_status":"closed","template":"template-full-width.php","meta":{"_monsterinsights_skip_tracking":false,"_monsterinsights_sitenote_active":false,"_monsterinsights_sitenote_note":"","_monsterinsights_sitenote_category":0,"footnotes":""},"class_list":["post-15","page","type-page","status-publish","has-post-thumbnail","hentry"],"_links":{"self":[{"href":"https:\/\/www.plumetis.com\/index.php\/wp-json\/wp\/v2\/pages\/15","targetHints":{"allow":["GET"]}}],"collection":[{"href":"https:\/\/www.plumetis.com\/index.php\/wp-json\/wp\/v2\/pages"}],"about":[{"href":"https:\/\/www.plumetis.com\/index.php\/wp-json\/wp\/v2\/types\/page"}],"author":[{"embeddable":true,"href":"https:\/\/www.plumetis.com\/index.php\/wp-json\/wp\/v2\/users\/1"}],"replies":[{"embeddable":true,"href":"https:\/\/www.plumetis.com\/index.php\/wp-json\/wp\/v2\/comments?post=15"}],"version-history":[{"count":116,"href":"https:\/\/www.plumetis.com\/index.php\/wp-json\/wp\/v2\/pages\/15\/revisions"}],"predecessor-version":[{"id":10427,"href":"https:\/\/www.plumetis.com\/index.php\/wp-json\/wp\/v2\/pages\/15\/revisions\/10427"}],"up":[{"embeddable":true,"href":"https:\/\/www.plumetis.com\/index.php\/wp-json\/wp\/v2\/pages\/11"}],"wp:featuredmedia":[{"embeddable":true,"href":"https:\/\/www.plumetis.com\/index.php\/wp-json\/wp\/v2\/media\/10407"}],"wp:attachment":[{"href":"https:\/\/www.plumetis.com\/index.php\/wp-json\/wp\/v2\/media?parent=15"}],"curies":[{"name":"wp","href":"https:\/\/api.w.org\/{rel}","templated":true}]}}