{"id":10788,"date":"2026-02-25T18:07:28","date_gmt":"2026-02-25T17:07:28","guid":{"rendered":"https:\/\/www.plumetis.com\/index.php\/stores\/"},"modified":"2026-03-07T14:32:59","modified_gmt":"2026-03-07T13:32:59","slug":"stores-sur-mesures-grenoble","status":"publish","type":"page","link":"https:\/\/www.plumetis.com\/index.php\/stores-sur-mesures-grenoble\/","title":{"rendered":"Stores"},"content":{"rendered":"\n<div class=\"wp-block-media-text is-stacked-on-mobile\"><figure class=\"wp-block-media-text__media\"><img loading=\"lazy\" decoding=\"async\" width=\"1024\" height=\"1024\" src=\"https:\/\/www.plumetis.com\/wp-content\/uploads\/2026\/02\/20260120_160921-1024x1024.jpg\" alt=\"\" class=\"wp-image-10958 size-full\" srcset=\"https:\/\/www.plumetis.com\/wp-content\/uploads\/2026\/02\/20260120_160921-1024x1024.jpg 1024w, https:\/\/www.plumetis.com\/wp-content\/uploads\/2026\/02\/20260120_160921-300x300.jpg 300w, https:\/\/www.plumetis.com\/wp-content\/uploads\/2026\/02\/20260120_160921-150x150.jpg 150w, https:\/\/www.plumetis.com\/wp-content\/uploads\/2026\/02\/20260120_160921-768x768.jpg 768w\" sizes=\"auto, (max-width: 1024px) 100vw, 1024px\" \/><\/figure><div class=\"wp-block-media-text__content\">\n<p>Des stores bateaux simples en voilage blanc<\/p>\n\n\n\n<p><\/p>\n\n\n\n<figure class=\"wp-block-image size-large is-resized\"><img loading=\"lazy\" decoding=\"async\" width=\"1024\" height=\"811\" src=\"https:\/\/www.plumetis.com\/wp-content\/uploads\/2026\/02\/20260120_160846-scaled-e1772207965307-1024x811.jpg\" alt=\"\" class=\"wp-image-10957\" style=\"aspect-ratio:1.2627259095572567;width:336px;height:auto\" srcset=\"https:\/\/www.plumetis.com\/wp-content\/uploads\/2026\/02\/20260120_160846-scaled-e1772207965307-1024x811.jpg 1024w, https:\/\/www.plumetis.com\/wp-content\/uploads\/2026\/02\/20260120_160846-scaled-e1772207965307-300x238.jpg 300w, https:\/\/www.plumetis.com\/wp-content\/uploads\/2026\/02\/20260120_160846-scaled-e1772207965307-768x608.jpg 768w, https:\/\/www.plumetis.com\/wp-content\/uploads\/2026\/02\/20260120_160846-scaled-e1772207965307-1536x1216.jpg 1536w, https:\/\/www.plumetis.com\/wp-content\/uploads\/2026\/02\/20260120_160846-scaled-e1772207965307-2048x1622.jpg 2048w\" sizes=\"auto, (max-width: 1024px) 100vw, 1024px\" \/><\/figure>\n<\/div><\/div>\n\n\n\n<div class=\"wp-block-media-text has-media-on-the-right is-stacked-on-mobile\" style=\"grid-template-columns:auto 53%\"><div class=\"wp-block-media-text__content\">\n<p>Stores pliss\u00e9s sur rails, pos\u00e9s sans per\u00e7age !<\/p>\n\n\n\n<p><\/p>\n\n\n\n<figure class=\"wp-block-image size-large is-resized\"><img loading=\"lazy\" decoding=\"async\" width=\"1024\" height=\"1024\" src=\"https:\/\/www.plumetis.com\/wp-content\/uploads\/2026\/02\/Yin2026d-1024x1024.jpg\" alt=\"\" class=\"wp-image-10968\" style=\"width:313px;height:auto\" srcset=\"https:\/\/www.plumetis.com\/wp-content\/uploads\/2026\/02\/Yin2026d-1024x1024.jpg 1024w, https:\/\/www.plumetis.com\/wp-content\/uploads\/2026\/02\/Yin2026d-300x300.jpg 300w, https:\/\/www.plumetis.com\/wp-content\/uploads\/2026\/02\/Yin2026d-150x150.jpg 150w, https:\/\/www.plumetis.com\/wp-content\/uploads\/2026\/02\/Yin2026d-768x768.jpg 768w\" sizes=\"auto, (max-width: 1024px) 100vw, 1024px\" \/><\/figure>\n<\/div><figure class=\"wp-block-media-text__media\"><img loading=\"lazy\" decoding=\"async\" width=\"1024\" height=\"1024\" src=\"https:\/\/www.plumetis.com\/wp-content\/uploads\/2026\/02\/Yin2026-1024x1024.jpg\" alt=\"\" class=\"wp-image-10967 size-full\" srcset=\"https:\/\/www.plumetis.com\/wp-content\/uploads\/2026\/02\/Yin2026-1024x1024.jpg 1024w, https:\/\/www.plumetis.com\/wp-content\/uploads\/2026\/02\/Yin2026-300x300.jpg 300w, https:\/\/www.plumetis.com\/wp-content\/uploads\/2026\/02\/Yin2026-150x150.jpg 150w, https:\/\/www.plumetis.com\/wp-content\/uploads\/2026\/02\/Yin2026-768x768.jpg 768w\" sizes=\"auto, (max-width: 1024px) 100vw, 1024px\" \/><\/figure><\/div>\n\n\n\n<div class=\"wp-block-media-text is-stacked-on-mobile\" style=\"grid-template-columns:56% auto\"><figure class=\"wp-block-media-text__media\"><img loading=\"lazy\" decoding=\"async\" width=\"512\" height=\"288\" src=\"https:\/\/www.plumetis.com\/wp-content\/uploads\/2026\/02\/018.jpg\" alt=\"\" class=\"wp-image-10955 size-full\" srcset=\"https:\/\/www.plumetis.com\/wp-content\/uploads\/2026\/02\/018.jpg 512w, https:\/\/www.plumetis.com\/wp-content\/uploads\/2026\/02\/018-300x169.jpg 300w\" sizes=\"auto, (max-width: 512px) 100vw, 512px\" \/><\/figure><div class=\"wp-block-media-text__content\">\n<p>Une baie vitr\u00e9e habill\u00e9e de stores bateaux \u00e0 motifs<\/p>\n\n\n\n<figure class=\"wp-block-image size-full is-resized\"><img loading=\"lazy\" decoding=\"async\" width=\"512\" height=\"288\" src=\"https:\/\/www.plumetis.com\/wp-content\/uploads\/2026\/02\/017.jpg\" alt=\"\" class=\"wp-image-10954\" style=\"aspect-ratio:1.777903043968433;width:327px;height:auto\" srcset=\"https:\/\/www.plumetis.com\/wp-content\/uploads\/2026\/02\/017.jpg 512w, https:\/\/www.plumetis.com\/wp-content\/uploads\/2026\/02\/017-300x169.jpg 300w\" sizes=\"auto, (max-width: 512px) 100vw, 512px\" \/><\/figure>\n<\/div><\/div>\n\n\n\n<div class=\"wp-block-media-text is-stacked-on-mobile\" style=\"grid-template-columns:45% auto\"><figure class=\"wp-block-media-text__media\"><img decoding=\"async\" src=\"https:\/\/www.plumetis.com\/wp-content\/uploads\/2026\/02\/Y7_2025-3.jpg\" alt=\"\" class=\"wp-image-10966 size-full\"\/><\/figure><div class=\"wp-block-media-text__content\">\n<p>Un ensemble de stores v\u00e9nitiens et bateau pour diff\u00e9rentes ambiances<\/p>\n\n\n\n<p><\/p>\n\n\n\n<figure class=\"wp-block-image size-full is-resized\"><img loading=\"lazy\" decoding=\"async\" width=\"717\" height=\"970\" src=\"https:\/\/www.plumetis.com\/wp-content\/uploads\/2026\/02\/drevet-2-e1772208671567.jpg\" alt=\"\" class=\"wp-image-10960\" style=\"aspect-ratio:0.7391807018092054;width:367px;height:auto\" srcset=\"https:\/\/www.plumetis.com\/wp-content\/uploads\/2026\/02\/drevet-2-e1772208671567.jpg 717w, https:\/\/www.plumetis.com\/wp-content\/uploads\/2026\/02\/drevet-2-e1772208671567-222x300.jpg 222w\" sizes=\"auto, (max-width: 717px) 100vw, 717px\" \/><\/figure>\n<\/div><\/div>\n\n\n\n<div class=\"wp-block-media-text has-media-on-the-right is-stacked-on-mobile\" style=\"grid-template-columns:auto 67%\"><div class=\"wp-block-media-text__content\">\n<p class=\"has-text-align-right\">Une salle de r\u00e9union habill\u00e9e de bandes verticales qui diffusent la lumi\u00e8re en conservant l&rsquo;intimit\u00e9 \u00e0 l&rsquo;int\u00e9rieur<\/p>\n\n\n\n<figure class=\"wp-block-image size-large is-resized\"><img loading=\"lazy\" decoding=\"async\" width=\"1024\" height=\"461\" src=\"https:\/\/www.plumetis.com\/wp-content\/uploads\/2026\/02\/Prolog-1-1024x461.jpg\" alt=\"\" class=\"wp-image-10969\" style=\"aspect-ratio:2.2215208034433287;width:211px;height:auto\" srcset=\"https:\/\/www.plumetis.com\/wp-content\/uploads\/2026\/02\/Prolog-1-1024x461.jpg 1024w, https:\/\/www.plumetis.com\/wp-content\/uploads\/2026\/02\/Prolog-1-300x135.jpg 300w, https:\/\/www.plumetis.com\/wp-content\/uploads\/2026\/02\/Prolog-1-768x346.jpg 768w, https:\/\/www.plumetis.com\/wp-content\/uploads\/2026\/02\/Prolog-1-1536x691.jpg 1536w, https:\/\/www.plumetis.com\/wp-content\/uploads\/2026\/02\/Prolog-1-2048x922.jpg 2048w\" sizes=\"auto, (max-width: 1024px) 100vw, 1024px\" \/><\/figure>\n<\/div><figure class=\"wp-block-media-text__media\"><img loading=\"lazy\" decoding=\"async\" width=\"1024\" height=\"461\" src=\"https:\/\/www.plumetis.com\/wp-content\/uploads\/2026\/02\/Prolog-3-1024x461.jpg\" alt=\"\" class=\"wp-image-10971 size-full\" srcset=\"https:\/\/www.plumetis.com\/wp-content\/uploads\/2026\/02\/Prolog-3-1024x461.jpg 1024w, https:\/\/www.plumetis.com\/wp-content\/uploads\/2026\/02\/Prolog-3-300x135.jpg 300w, https:\/\/www.plumetis.com\/wp-content\/uploads\/2026\/02\/Prolog-3-768x346.jpg 768w, https:\/\/www.plumetis.com\/wp-content\/uploads\/2026\/02\/Prolog-3-1536x691.jpg 1536w, https:\/\/www.plumetis.com\/wp-content\/uploads\/2026\/02\/Prolog-3-2048x922.jpg 2048w\" sizes=\"auto, (max-width: 1024px) 100vw, 1024px\" \/><\/figure><\/div>\n\n\n\n<div class=\"wp-block-media-text is-stacked-on-mobile\" style=\"grid-template-columns:40% auto\"><figure class=\"wp-block-media-text__media\"><img loading=\"lazy\" decoding=\"async\" width=\"720\" height=\"960\" src=\"https:\/\/www.plumetis.com\/wp-content\/uploads\/2026\/02\/CAM00684.jpg\" alt=\"\" class=\"wp-image-10940 size-full\" srcset=\"https:\/\/www.plumetis.com\/wp-content\/uploads\/2026\/02\/CAM00684.jpg 720w, https:\/\/www.plumetis.com\/wp-content\/uploads\/2026\/02\/CAM00684-225x300.jpg 225w\" sizes=\"auto, (max-width: 720px) 100vw, 720px\" \/><\/figure><div class=\"wp-block-media-text__content\">\n<p><\/p>\n\n\n\n<p>De d\u00e9licats stores japonais isol\u00e9s pour ce restaurant \u2190<\/p>\n\n\n\n<p>Ou pour une longueur de fen\u00eatres \u2193<\/p>\n\n\n\n<figure class=\"wp-block-image size-full\"><img loading=\"lazy\" decoding=\"async\" width=\"512\" height=\"341\" src=\"https:\/\/www.plumetis.com\/wp-content\/uploads\/2026\/02\/1474279327623-edited-1.jpg\" alt=\"\" class=\"wp-image-10978\" srcset=\"https:\/\/www.plumetis.com\/wp-content\/uploads\/2026\/02\/1474279327623-edited-1.jpg 512w, https:\/\/www.plumetis.com\/wp-content\/uploads\/2026\/02\/1474279327623-edited-1-300x200.jpg 300w\" sizes=\"auto, (max-width: 512px) 100vw, 512px\" \/><\/figure>\n<\/div><\/div>\n\n\n\n<div class=\"wp-block-buttons is-content-justification-right is-layout-flex wp-container-core-buttons-is-layout-d445cf74 wp-block-buttons-is-layout-flex\">\n<div class=\"wp-block-button\"><a class=\"wp-block-button__link wp-element-button\" href=\"https:\/\/www.plumetis.com\/index.php\/stores\/\"> \u2191 <\/a><\/div>\n<\/div>\n","protected":false},"excerpt":{"rendered":"","protected":false},"author":1,"featured_media":10962,"parent":0,"menu_order":0,"comment_status":"closed","ping_status":"closed","template":"","meta":{"_monsterinsights_skip_tracking":false,"_monsterinsights_sitenote_active":false,"_monsterinsights_sitenote_note":"","_monsterinsights_sitenote_category":0,"footnotes":""},"class_list":["post-10788","page","type-page","status-publish","has-post-thumbnail","hentry"],"_links":{"self":[{"href":"https:\/\/www.plumetis.com\/index.php\/wp-json\/wp\/v2\/pages\/10788","targetHints":{"allow":["GET"]}}],"collection":[{"href":"https:\/\/www.plumetis.com\/index.php\/wp-json\/wp\/v2\/pages"}],"about":[{"href":"https:\/\/www.plumetis.com\/index.php\/wp-json\/wp\/v2\/types\/page"}],"author":[{"embeddable":true,"href":"https:\/\/www.plumetis.com\/index.php\/wp-json\/wp\/v2\/users\/1"}],"replies":[{"embeddable":true,"href":"https:\/\/www.plumetis.com\/index.php\/wp-json\/wp\/v2\/comments?post=10788"}],"version-history":[{"count":3,"href":"https:\/\/www.plumetis.com\/index.php\/wp-json\/wp\/v2\/pages\/10788\/revisions"}],"predecessor-version":[{"id":11050,"href":"https:\/\/www.plumetis.com\/index.php\/wp-json\/wp\/v2\/pages\/10788\/revisions\/11050"}],"wp:featuredmedia":[{"embeddable":true,"href":"https:\/\/www.plumetis.com\/index.php\/wp-json\/wp\/v2\/media\/10962"}],"wp:attachment":[{"href":"https:\/\/www.plumetis.com\/index.php\/wp-json\/wp\/v2\/media?parent=10788"}],"curies":[{"name":"wp","href":"https:\/\/api.w.org\/{rel}","templated":true}]}}