{"id":10786,"date":"2026-02-25T18:07:00","date_gmt":"2026-02-25T17:07:00","guid":{"rendered":"https:\/\/www.plumetis.com\/index.php\/rideaux-et-voilages\/"},"modified":"2026-03-07T14:31:43","modified_gmt":"2026-03-07T13:31:43","slug":"rideaux-et-voilages-sur-mesure","status":"publish","type":"page","link":"https:\/\/www.plumetis.com\/index.php\/rideaux-et-voilages-sur-mesure\/","title":{"rendered":"Rideaux et Voilages"},"content":{"rendered":"\n<div class=\"wp-block-media-text is-stacked-on-mobile\" style=\"grid-template-columns:64% auto\"><figure class=\"wp-block-media-text__media\"><img decoding=\"async\" src=\"https:\/\/www.plumetis.com\/wp-content\/uploads\/2026\/02\/Resto1.jpg\" alt=\"\" class=\"wp-image-10894 size-full\"\/><\/figure><div class=\"wp-block-media-text__content\">\n<p>Un assortiment de rideaux pour un restaurant<\/p>\n\n\n\n<p><\/p>\n\n\n\n<figure class=\"wp-block-image size-full is-resized\"><img decoding=\"async\" src=\"https:\/\/www.plumetis.com\/wp-content\/uploads\/2026\/02\/Resto2.jpg\" alt=\"\" class=\"wp-image-10895\" style=\"aspect-ratio:1.7771146562607598;width:243px;height:auto\"\/><\/figure>\n<\/div><\/div>\n\n\n\n<div class=\"wp-block-media-text has-media-on-the-right is-stacked-on-mobile\" style=\"grid-template-columns:auto 67%\"><div class=\"wp-block-media-text__content\">\n<p>Voilage sur rails cach\u00e9s chez des particuliers<\/p>\n<\/div><figure class=\"wp-block-media-text__media\"><img loading=\"lazy\" decoding=\"async\" width=\"1024\" height=\"768\" src=\"https:\/\/www.plumetis.com\/wp-content\/uploads\/2026\/02\/dubourgel-voilage-26-03-1.jpg\" alt=\"\" class=\"wp-image-10918 size-full\" srcset=\"https:\/\/www.plumetis.com\/wp-content\/uploads\/2026\/02\/dubourgel-voilage-26-03-1.jpg 1024w, https:\/\/www.plumetis.com\/wp-content\/uploads\/2026\/02\/dubourgel-voilage-26-03-1-300x225.jpg 300w, https:\/\/www.plumetis.com\/wp-content\/uploads\/2026\/02\/dubourgel-voilage-26-03-1-768x576.jpg 768w\" sizes=\"auto, (max-width: 1024px) 100vw, 1024px\" \/><\/figure><\/div>\n\n\n\n<div class=\"wp-block-media-text is-stacked-on-mobile\"><figure class=\"wp-block-media-text__media\"><img loading=\"lazy\" decoding=\"async\" width=\"868\" height=\"1024\" src=\"https:\/\/www.plumetis.com\/wp-content\/uploads\/2026\/02\/Drevet-1-scaled-e1772205157296-868x1024.jpg\" alt=\"\" class=\"wp-image-10907 size-full\" srcset=\"https:\/\/www.plumetis.com\/wp-content\/uploads\/2026\/02\/Drevet-1-scaled-e1772205157296-868x1024.jpg 868w, https:\/\/www.plumetis.com\/wp-content\/uploads\/2026\/02\/Drevet-1-scaled-e1772205157296-254x300.jpg 254w, https:\/\/www.plumetis.com\/wp-content\/uploads\/2026\/02\/Drevet-1-scaled-e1772205157296-768x906.jpg 768w, https:\/\/www.plumetis.com\/wp-content\/uploads\/2026\/02\/Drevet-1-scaled-e1772205157296-1302x1536.jpg 1302w, https:\/\/www.plumetis.com\/wp-content\/uploads\/2026\/02\/Drevet-1-scaled-e1772205157296.jpg 1617w\" sizes=\"auto, (max-width: 868px) 100vw, 868px\" \/><\/figure><div class=\"wp-block-media-text__content\">\n<p><\/p>\n\n\n\n<p>Des rideaux de portes sur tringles porti\u00e8res en tissus thermique pour \u00e9viter les courants d&rsquo;air<\/p>\n\n\n\n<p><\/p>\n\n\n\n<figure class=\"wp-block-gallery has-nested-images columns-default is-cropped wp-block-gallery-1 is-layout-flex wp-block-gallery-is-layout-flex\">\n<figure class=\"wp-block-image size-large is-resized\"><img decoding=\"async\" data-id=\"10904\" src=\"https:\/\/www.plumetis.com\/wp-content\/uploads\/2026\/02\/20260116_160103.jpg\" alt=\"\" class=\"wp-image-10904\" style=\"width:187px;height:auto\"\/><\/figure>\n\n\n\n<figure class=\"wp-block-image size-large is-resized\"><img loading=\"lazy\" decoding=\"async\" width=\"576\" height=\"1024\" data-id=\"10911\" src=\"https:\/\/www.plumetis.com\/wp-content\/uploads\/2026\/02\/Portiere-576x1024.jpg\" alt=\"\" class=\"wp-image-10911\" style=\"width:188px;height:auto\" srcset=\"https:\/\/www.plumetis.com\/wp-content\/uploads\/2026\/02\/Portiere-576x1024.jpg 576w, https:\/\/www.plumetis.com\/wp-content\/uploads\/2026\/02\/Portiere-169x300.jpg 169w, https:\/\/www.plumetis.com\/wp-content\/uploads\/2026\/02\/Portiere-768x1365.jpg 768w, https:\/\/www.plumetis.com\/wp-content\/uploads\/2026\/02\/Portiere-864x1536.jpg 864w, https:\/\/www.plumetis.com\/wp-content\/uploads\/2026\/02\/Portiere.jpg 1152w\" sizes=\"auto, (max-width: 576px) 100vw, 576px\" \/><\/figure>\n<\/figure>\n<\/div><\/div>\n\n\n\n<div class=\"wp-block-media-text has-media-on-the-right is-stacked-on-mobile\"><div class=\"wp-block-media-text__content\">\n<p>D&rsquo;\u00e9l\u00e9gants voilages fleuris pour cette chambre<\/p>\n\n\n\n<figure class=\"wp-block-image size-large is-resized\"><img loading=\"lazy\" decoding=\"async\" width=\"1024\" height=\"768\" src=\"https:\/\/www.plumetis.com\/wp-content\/uploads\/2026\/02\/CAM00699-1024x768.jpg\" alt=\"\" class=\"wp-image-10942\" style=\"width:307px;height:auto\" srcset=\"https:\/\/www.plumetis.com\/wp-content\/uploads\/2026\/02\/CAM00699-1024x768.jpg 1024w, https:\/\/www.plumetis.com\/wp-content\/uploads\/2026\/02\/CAM00699-300x225.jpg 300w, https:\/\/www.plumetis.com\/wp-content\/uploads\/2026\/02\/CAM00699-768x576.jpg 768w, https:\/\/www.plumetis.com\/wp-content\/uploads\/2026\/02\/CAM00699-1536x1152.jpg 1536w, https:\/\/www.plumetis.com\/wp-content\/uploads\/2026\/02\/CAM00699-2048x1536.jpg 2048w\" sizes=\"auto, (max-width: 1024px) 100vw, 1024px\" \/><\/figure>\n<\/div><figure class=\"wp-block-media-text__media\"><img loading=\"lazy\" decoding=\"async\" width=\"1024\" height=\"768\" src=\"https:\/\/www.plumetis.com\/wp-content\/uploads\/2026\/02\/CAM00701-1024x768.jpg\" alt=\"\" class=\"wp-image-10944 size-full\" srcset=\"https:\/\/www.plumetis.com\/wp-content\/uploads\/2026\/02\/CAM00701-1024x768.jpg 1024w, https:\/\/www.plumetis.com\/wp-content\/uploads\/2026\/02\/CAM00701-300x225.jpg 300w, https:\/\/www.plumetis.com\/wp-content\/uploads\/2026\/02\/CAM00701-768x576.jpg 768w, https:\/\/www.plumetis.com\/wp-content\/uploads\/2026\/02\/CAM00701-1536x1152.jpg 1536w, https:\/\/www.plumetis.com\/wp-content\/uploads\/2026\/02\/CAM00701-2048x1536.jpg 2048w\" sizes=\"auto, (max-width: 1024px) 100vw, 1024px\" \/><\/figure><\/div>\n\n\n\n<div class=\"wp-block-media-text is-stacked-on-mobile\" style=\"grid-template-columns:67% auto\"><figure class=\"wp-block-media-text__media\"><img decoding=\"async\" src=\"https:\/\/www.plumetis.com\/wp-content\/uploads\/2026\/02\/Bar-1.jpg\" alt=\"\" class=\"wp-image-10915 size-full\"\/><\/figure><div class=\"wp-block-media-text__content\">\n<p>Toute cette longueur de rideaux occultants et thermiques pour un bar<\/p>\n\n\n\n<figure class=\"wp-block-image size-large is-resized\"><img loading=\"lazy\" decoding=\"async\" width=\"1024\" height=\"1024\" src=\"https:\/\/www.plumetis.com\/wp-content\/uploads\/2026\/02\/Bar2-1-1024x1024.jpg\" alt=\"\" class=\"wp-image-10916\" style=\"width:208px;height:auto\" srcset=\"https:\/\/www.plumetis.com\/wp-content\/uploads\/2026\/02\/Bar2-1-1024x1024.jpg 1024w, https:\/\/www.plumetis.com\/wp-content\/uploads\/2026\/02\/Bar2-1-300x300.jpg 300w, https:\/\/www.plumetis.com\/wp-content\/uploads\/2026\/02\/Bar2-1-150x150.jpg 150w, https:\/\/www.plumetis.com\/wp-content\/uploads\/2026\/02\/Bar2-1-768x768.jpg 768w, https:\/\/www.plumetis.com\/wp-content\/uploads\/2026\/02\/Bar2-1-1536x1536.jpg 1536w, https:\/\/www.plumetis.com\/wp-content\/uploads\/2026\/02\/Bar2-1-2048x2048.jpg 2048w\" sizes=\"auto, (max-width: 1024px) 100vw, 1024px\" \/><\/figure>\n<\/div><\/div>\n\n\n\n<div class=\"wp-block-media-text has-media-on-the-right is-stacked-on-mobile\" style=\"grid-template-columns:auto 51%\"><div class=\"wp-block-media-text__content\">\n<p>Une vol\u00e9e de voilages dans l&rsquo;entr\u00e9e d&rsquo;un h\u00f4tel.<\/p>\n\n\n\n<figure class=\"wp-block-image size-large\"><img loading=\"lazy\" decoding=\"async\" width=\"1024\" height=\"669\" src=\"https:\/\/www.plumetis.com\/wp-content\/uploads\/2026\/02\/CAM00680-e1772207141750-1024x669.jpg\" alt=\"\" class=\"wp-image-10938\" srcset=\"https:\/\/www.plumetis.com\/wp-content\/uploads\/2026\/02\/CAM00680-e1772207141750-1024x669.jpg 1024w, https:\/\/www.plumetis.com\/wp-content\/uploads\/2026\/02\/CAM00680-e1772207141750-300x196.jpg 300w, https:\/\/www.plumetis.com\/wp-content\/uploads\/2026\/02\/CAM00680-e1772207141750-768x502.jpg 768w, https:\/\/www.plumetis.com\/wp-content\/uploads\/2026\/02\/CAM00680-e1772207141750-1536x1004.jpg 1536w, https:\/\/www.plumetis.com\/wp-content\/uploads\/2026\/02\/CAM00680-e1772207141750-2048x1338.jpg 2048w\" sizes=\"auto, (max-width: 1024px) 100vw, 1024px\" \/><\/figure>\n\n\n\n<figure class=\"wp-block-image size-large\"><img loading=\"lazy\" decoding=\"async\" width=\"1024\" height=\"753\" src=\"https:\/\/www.plumetis.com\/wp-content\/uploads\/2026\/02\/CAM00679-e1772207087199-1024x753.jpg\" alt=\"\" class=\"wp-image-10937\" srcset=\"https:\/\/www.plumetis.com\/wp-content\/uploads\/2026\/02\/CAM00679-e1772207087199-1024x753.jpg 1024w, https:\/\/www.plumetis.com\/wp-content\/uploads\/2026\/02\/CAM00679-e1772207087199-300x221.jpg 300w, https:\/\/www.plumetis.com\/wp-content\/uploads\/2026\/02\/CAM00679-e1772207087199-768x565.jpg 768w, https:\/\/www.plumetis.com\/wp-content\/uploads\/2026\/02\/CAM00679-e1772207087199-1536x1130.jpg 1536w, https:\/\/www.plumetis.com\/wp-content\/uploads\/2026\/02\/CAM00679-e1772207087199.jpg 1920w\" sizes=\"auto, (max-width: 1024px) 100vw, 1024px\" \/><\/figure>\n<\/div><figure class=\"wp-block-media-text__media\"><img loading=\"lazy\" decoding=\"async\" width=\"768\" height=\"1024\" src=\"https:\/\/www.plumetis.com\/wp-content\/uploads\/2026\/02\/CAM00681-768x1024.jpg\" alt=\"\" class=\"wp-image-10939 size-full\" srcset=\"https:\/\/www.plumetis.com\/wp-content\/uploads\/2026\/02\/CAM00681-768x1024.jpg 768w, https:\/\/www.plumetis.com\/wp-content\/uploads\/2026\/02\/CAM00681-225x300.jpg 225w, https:\/\/www.plumetis.com\/wp-content\/uploads\/2026\/02\/CAM00681-1152x1536.jpg 1152w, https:\/\/www.plumetis.com\/wp-content\/uploads\/2026\/02\/CAM00681-1536x2048.jpg 1536w, https:\/\/www.plumetis.com\/wp-content\/uploads\/2026\/02\/CAM00681.jpg 1920w\" sizes=\"auto, (max-width: 768px) 100vw, 768px\" \/><\/figure><\/div>\n\n\n\n<div class=\"wp-block-media-text is-stacked-on-mobile\" style=\"grid-template-columns:66% auto\"><figure class=\"wp-block-media-text__media\"><img loading=\"lazy\" decoding=\"async\" width=\"1024\" height=\"577\" src=\"https:\/\/www.plumetis.com\/wp-content\/uploads\/2026\/02\/20241206_100128-1-1024x577.jpg\" alt=\"\" class=\"wp-image-10913 size-full\" srcset=\"https:\/\/www.plumetis.com\/wp-content\/uploads\/2026\/02\/20241206_100128-1-1024x577.jpg 1024w, https:\/\/www.plumetis.com\/wp-content\/uploads\/2026\/02\/20241206_100128-1-300x169.jpg 300w, https:\/\/www.plumetis.com\/wp-content\/uploads\/2026\/02\/20241206_100128-1-768x432.jpg 768w, https:\/\/www.plumetis.com\/wp-content\/uploads\/2026\/02\/20241206_100128-1-1536x865.jpg 1536w, https:\/\/www.plumetis.com\/wp-content\/uploads\/2026\/02\/20241206_100128-1-2048x1153.jpg 2048w\" sizes=\"auto, (max-width: 1024px) 100vw, 1024px\" \/><\/figure><div class=\"wp-block-media-text__content\">\n<p>Des rideaux \u00e9l\u00e9gants en toute simplicit\u00e9 pour le Ch\u00e2teau de Chaulne.<\/p>\n<\/div><\/div>\n\n\n\n<div class=\"wp-block-buttons is-content-justification-right is-layout-flex wp-container-core-buttons-is-layout-d445cf74 wp-block-buttons-is-layout-flex\">\n<div class=\"wp-block-button\"><a class=\"wp-block-button__link wp-element-button\" href=\"https:\/\/www.plumetis.com\/index.php\/rideaux-et-voilages\/\"> \u2191 <\/a><\/div>\n<\/div>\n","protected":false},"excerpt":{"rendered":"<p>Voilage sur rails cach\u00e9s chez des particuliers Des rideaux \u00e9l\u00e9gants en toute simplicit\u00e9 pour le Ch\u00e2teau de Chaulne.<\/p>\n","protected":false},"author":1,"featured_media":10896,"parent":0,"menu_order":0,"comment_status":"closed","ping_status":"closed","template":"","meta":{"_monsterinsights_skip_tracking":false,"_monsterinsights_sitenote_active":false,"_monsterinsights_sitenote_note":"","_monsterinsights_sitenote_category":0,"footnotes":""},"class_list":["post-10786","page","type-page","status-publish","has-post-thumbnail","hentry"],"_links":{"self":[{"href":"https:\/\/www.plumetis.com\/index.php\/wp-json\/wp\/v2\/pages\/10786","targetHints":{"allow":["GET"]}}],"collection":[{"href":"https:\/\/www.plumetis.com\/index.php\/wp-json\/wp\/v2\/pages"}],"about":[{"href":"https:\/\/www.plumetis.com\/index.php\/wp-json\/wp\/v2\/types\/page"}],"author":[{"embeddable":true,"href":"https:\/\/www.plumetis.com\/index.php\/wp-json\/wp\/v2\/users\/1"}],"replies":[{"embeddable":true,"href":"https:\/\/www.plumetis.com\/index.php\/wp-json\/wp\/v2\/comments?post=10786"}],"version-history":[{"count":5,"href":"https:\/\/www.plumetis.com\/index.php\/wp-json\/wp\/v2\/pages\/10786\/revisions"}],"predecessor-version":[{"id":11051,"href":"https:\/\/www.plumetis.com\/index.php\/wp-json\/wp\/v2\/pages\/10786\/revisions\/11051"}],"wp:featuredmedia":[{"embeddable":true,"href":"https:\/\/www.plumetis.com\/index.php\/wp-json\/wp\/v2\/media\/10896"}],"wp:attachment":[{"href":"https:\/\/www.plumetis.com\/index.php\/wp-json\/wp\/v2\/media?parent=10786"}],"curies":[{"name":"wp","href":"https:\/\/api.w.org\/{rel}","templated":true}]}}